{"id":3603,"date":"2023-04-06T20:49:34","date_gmt":"2023-04-06T20:49:34","guid":{"rendered":"https:\/\/legiaswimmingschools.pl\/?page_id=3603"},"modified":"2026-02-23T15:54:58","modified_gmt":"2026-02-23T15:54:58","slug":"o-nas","status":"publish","type":"page","link":"https:\/\/soccer.legia.com\/sailing\/o-nas\/","title":{"rendered":"O nas"},"content":{"rendered":"<section class=\"wpb-content-wrapper\"><p>[vc_row el_id=&#8221;topTxt&#8221;][vc_column css=&#8221;.vc_custom_1578051990817{padding-top: 0px !important;}&#8221;][vc_row_inner content_placement=&#8221;middle&#8221; row_content_width=&#8221;grid&#8221; enable_dots_background=&#8221;yes&#8221; background_dots_align=&#8221;right&#8221; background_dots_skin=&#8221;light&#8221; css=&#8221;.vc_custom_1680815588038{margin-right: 0px !important;margin-left: 0px !important;}&#8221; background_dots_top_position=&#8221;10%&#8221; background_dots_height=&#8221;80%&#8221;][vc_column_inner css=&#8221;.vc_custom_1579598821857{padding-top: 120px !important;padding-right: 0px !important;padding-bottom: 120px !important;padding-left: 0px !important;}&#8221; offset=&#8221;vc_col-lg-6 vc_col-md-12 vc_col-xs-12&#8243; column_responsive_padding_1024=&#8221;130px 0px 120px&#8221; column_responsive_padding_680=&#8221;130px 0px 120px&#8221;][vc_single_image image=&#8221;5688&#8243; img_size=&#8221;FULL&#8221; alignment=&#8221;center&#8221;][\/vc_column_inner][vc_column_inner css=&#8221;.vc_custom_1580218880702{margin-top: -11px !important;padding-right: 20% !important;padding-left: 12% !important;}&#8221; column_responsive_padding_1366=&#8221;0% 11% 0% 12%&#8221; offset=&#8221;vc_col-lg-6 vc_col-md-12 vc_col-xs-12&#8243; column_responsive_padding_1024=&#8221;0% 0px 130px&#8221; column_responsive_padding_680=&#8221;0% 0px 130px&#8221; column_responsive_padding_1280=&#8221;0% 10% 0% 12%&#8221;]<div class=\"qodef-shortcode qodef-m  qodef-section-title qodef-alignment--left \">\n\t\t\t<h2 class=\"qodef-m-title\" style=\"color: #ffffff;margin-top: -3px\">\n\t\t\t\t\tLEGIA SAILING SCHOOLS\t\t\t<\/h2>\n\t\t<p class=\"qodef-m-text\" style=\"color: #ffffff\">Witaj w fascynuj\u0105cym \u015bwiecie Legia Sailing Schools \u2013 miejscu, gdzie \u017ceglarstwo staje si\u0119 pasj\u0105, a sportowa przygoda zaczyna si\u0119 od najm\u0142odszych lat. Do zobaczenia na wodzie!<\/p>\n<\/div>[vc_empty_space height=&#8221;33px&#8221;][\/vc_column_inner][\/vc_row_inner][\/vc_column][\/vc_row][vc_row][vc_column css=&#8221;.vc_custom_1584102337286{padding-top: 120px !important;padding-bottom: 20px !important;}&#8221; column_responsive_padding_1024=&#8221;72px 15px 30px&#8221;][vc_row_inner equal_height=&#8221;yes&#8221; rtl_reverse=&#8221;yes&#8221; content_placement=&#8221;middle&#8221; row_content_width=&#8221;grid&#8221; enable_dots_background=&#8221;yes&#8221; background_dots_align=&#8221;left&#8221; background_dots_top_position=&#8221;-7%&#8221; background_dots_height=&#8221;105%&#8221; css=&#8221;.vc_custom_1680815039317{margin-right: 0px !important;margin-left: 0px !important;padding-right: 0px !important;padding-left: 0px !important;}&#8221;][vc_column_inner offset=&#8221;vc_col-lg-6 vc_col-md-12 vc_col-xs-12&#8243; column_responsive_padding_1024=&#8221;0px 15px 70px&#8221; css=&#8221;.vc_custom_1585223728345{padding-top: 20px !important;padding-right: 30px !important;padding-left: 5px !important;}&#8221; column_responsive_padding_1440=&#8221;10px 30px 10px 15px&#8221;]<div class=\"qodef-shortcode qodef-m  qodef-section-title qodef-alignment--left \">\n\t\t\t<h2 class=\"qodef-m-title\" style=\"margin-top: -3px\">\n\t\t\t\t\tWitaj w dru\u017cynie!\t\t\t<\/h2>\n\t\t<p class=\"qodef-m-text\" >Legia Soccer Schools to nie tylko sport. To kszta\u0142towanie postaw Fair Play, rozwijanie zdrowego stylu \u017cycia, budowanie przyja\u017ani i wielka pi\u0142karska rodzina. Do\u0142\u0105cz do nas, a razem stworzymy niezapomniane chwile na boisku i poza nim!<\/p>\n<\/div>[vc_empty_space height=&#8221;20px&#8221;]<div class=\"qodef-shortcode qodef-m akordeon qodef-accordion clear qodef-behavior--accordion qodef-layout--simple\">\n\t<h4 class=\"qodef-accordion-title\">\n\t<span class=\"qodef-tab-title\">\n\t\tO szk\u00f3\u0142ce\t<\/span>\n\t<span class=\"qodef-accordion-mark\">\n\t\t<span class=\"qodef-icon--plus icon_plus\"><\/span>\n\t\t<span class=\"qodef-icon--minus icon_minus-06\"><\/span>\n\t<\/span>\n<\/h4>\n<div class=\"qodef-accordion-content\">\n\t<div class=\"qodef-accordion-content-inner\">\n\t\t[vc_column_text]<\/p>\n<p data-start=\"269\" data-end=\"556\">Legia Sailing Schools to pocz\u0105tek \u017ceglarskiej drogi dla dzieci i m\u0142odzie\u017cy. Regularne treningi rozwijaj\u0105 sprawno\u015b\u0107 fizyczn\u0105, samodzielno\u015b\u0107 oraz umiej\u0119tno\u015b\u0107 pracy zespo\u0142owej. Uczestnicy ucz\u0105 si\u0119 odpowiedzialno\u015bci, podejmowania decyzji i dzia\u0142ania w zmiennych warunkach \u015brodowiska wodnego.<\/p>\n<p data-start=\"558\" data-end=\"931\">Do projektu Legia Sailing Schools dojrzewali\u015bmy od momentu reaktywacji sekcji \u017ceglarskiej Legii Warszawa w 2016 roku, w stulecie Klubu. Przez kolejne lata budowali\u015bmy jako\u015b\u0107 Sailing Legia, rywalizuj\u0105c w gronie zawodnik\u00f3w tworz\u0105cych jej obecny poziom sportowy. Zdobywamy medale mistrzostw Polski, startujemy w czempionatach \u015bwiata i Europy oraz w \u017beglarskiej Lidze Mistrz\u00f3w.<\/p>\n<p data-start=\"933\" data-end=\"1260\">Legia Sailing Schools powsta\u0142o, aby propagowa\u0107 \u017ceglarstwo \u2013 jeden z najczystszych i najpi\u0119kniejszych sport\u00f3w \u2013 oraz stworzy\u0107 dzieciom mo\u017cliwo\u015b\u0107 rozpocz\u0119cia sportowej drogi w barwach Legii. Najbardziej zaanga\u017cowani uczestnicy mog\u0105 w przysz\u0142o\u015bci rozwija\u0107 si\u0119 w kierunku \u017ceglarstwa regatowego i do\u0142\u0105czy\u0107 do struktur Sailing Legia.<\/p>\n<p>[\/vc_column_text]\t<\/div>\n<\/div><h4 class=\"qodef-accordion-title\">\n\t<span class=\"qodef-tab-title\">\n\t\tTrening i rozw\u00f3j\t<\/span>\n\t<span class=\"qodef-accordion-mark\">\n\t\t<span class=\"qodef-icon--plus icon_plus\"><\/span>\n\t\t<span class=\"qodef-icon--minus icon_minus-06\"><\/span>\n\t<\/span>\n<\/h4>\n<div class=\"qodef-accordion-content\">\n\t<div class=\"qodef-accordion-content-inner\">\n\t\t[vc_column_text]Zaj\u0119cia prowadzone s\u0105 przez do\u015bwiadczonych trener\u00f3w i zawodnik\u00f3w Sailing Legia. Program szkolenia dostosowany jest do wieku i umiej\u0119tno\u015bci uczestnik\u00f3w, umo\u017cliwiaj\u0105c stopniowy rozw\u00f3j kompetencji \u017ceglarskich oraz budowanie pewno\u015bci siebie na wodzie.[\/vc_column_text]\t<\/div>\n<\/div><h4 class=\"qodef-accordion-title\">\n\t<span class=\"qodef-tab-title\">\n\t\tWarto\u015bci\t<\/span>\n\t<span class=\"qodef-accordion-mark\">\n\t\t<span class=\"qodef-icon--plus icon_plus\"><\/span>\n\t\t<span class=\"qodef-icon--minus icon_minus-06\"><\/span>\n\t<\/span>\n<\/h4>\n<div class=\"qodef-accordion-content\">\n\t<div class=\"qodef-accordion-content-inner\">\n\t\t[vc_column_text]<\/p>\n<p data-start=\"226\" data-end=\"432\">W Legia Sailing Schools wychowujemy poprzez sport, natur\u0119 i wsp\u00f3\u0142prac\u0119. \u017beglarstwo uczy odpowiedzialno\u015bci, samodzielno\u015bci oraz szacunku do \u015brodowiska, a jednocze\u015bnie wspiera harmonijny rozw\u00f3j m\u0142odych ludzi.<\/p>\n<p data-start=\"434\" data-end=\"492\">Nasze dzia\u0142ania opieraj\u0105 si\u0119 na nast\u0119puj\u0105cych warto\u015bciach:<\/p>\n<ul>\n<li data-start=\"496\" data-end=\"562\">natura, ekologia, przygoda i fair play jako fundament \u017ceglarstwa<\/li>\n<li data-start=\"565\" data-end=\"626\">kszta\u0142towanie prawid\u0142owych nawyk\u00f3w ruchowych i \u017cywieniowych<\/li>\n<li data-start=\"629\" data-end=\"700\">rozwijanie umiej\u0119tno\u015bci zgodnie z indywidualnymi mo\u017cliwo\u015bciami dzieci<\/li>\n<li data-start=\"703\" data-end=\"777\">roz\u0142adowywanie napi\u0119\u0107 i kierowanie energii w stron\u0119 aktywno\u015bci fizycznej<\/li>\n<li data-start=\"780\" data-end=\"825\">promowanie aktywnego i zdrowego stylu \u017cycia<\/li>\n<li data-start=\"828\" data-end=\"891\">budowanie \u015bwiadomo\u015bci wp\u0142ywu sportu na zdrowie i samopoczucie<\/li>\n<li data-start=\"894\" data-end=\"954\">rozwijanie relacji r\u00f3wie\u015bniczych i umiej\u0119tno\u015bci wsp\u00f3\u0142pracy<\/li>\n<li data-start=\"957\" data-end=\"1011\">wychowywanie dzieci poprzez sport i pozytywne wzorce<\/li>\n<li data-start=\"1014\" data-end=\"1069\">tworzenie przyjaznej, rodzinnej atmosfery treningowej<\/li>\n<li data-start=\"1072\" data-end=\"1156\">budowanie wsp\u00f3lnoty i poczucia przynale\u017cno\u015bci do \u201eWielkiej Rodziny Legii Warszawa\u201d<\/li>\n<li data-start=\"1159\" data-end=\"1233\">inspirowanie przysz\u0142ych zawodnik\u00f3w, trener\u00f3w i \u015bwiadomych kibic\u00f3w sportu<\/li>\n<\/ul>\n<p>[\/vc_column_text]\t<\/div>\n<\/div><h4 class=\"qodef-accordion-title\">\n\t<span class=\"qodef-tab-title\">\n\t\t\u015acie\u017cka sportowa\t<\/span>\n\t<span class=\"qodef-accordion-mark\">\n\t\t<span class=\"qodef-icon--plus icon_plus\"><\/span>\n\t\t<span class=\"qodef-icon--minus icon_minus-06\"><\/span>\n\t<\/span>\n<\/h4>\n<div class=\"qodef-accordion-content\">\n\t<div class=\"qodef-accordion-content-inner\">\n\t\t[vc_column_text]<\/p>\n<p data-start=\"198\" data-end=\"465\">Legia Sailing Schools otwiera dzieciom drog\u0119 do dalszego rozwoju w \u017ceglarstwie sportowym. Uczestnicy, kt\u00f3rzy wykazuj\u0105 zaanga\u017cowanie i pasj\u0119, mog\u0105 stopniowo rozwija\u0107 swoje umiej\u0119tno\u015bci i w przysz\u0142o\u015bci wej\u015b\u0107 na \u015bcie\u017ck\u0119 rywalizacji regatowej w strukturach Sailing Legia.<\/p>\n<p data-start=\"467\" data-end=\"640\">Sailing Legia odnosi sukcesy w regatach krajowych i mi\u0119dzynarodowych, a szkolenie stwarza realn\u0105 mo\u017cliwo\u015b\u0107 rozwoju sportowego pod okiem do\u015bwiadczonych trener\u00f3w i zawodnik\u00f3w.<\/p>\n<p data-start=\"642\" data-end=\"671\"><strong data-start=\"642\" data-end=\"671\">Legia Sailing Schools to:<\/strong><\/p>\n<ul>\n<li data-start=\"674\" data-end=\"725\">szk\u00f3\u0142ki \u017ceglarskie dla dzieci od <strong data-start=\"707\" data-end=\"723\">6 roku \u017cycia<\/strong><\/li>\n<li data-start=\"728\" data-end=\"833\">p\u00f3\u0142kolonie \u017ceglarskie dla dzieci od <strong data-start=\"764\" data-end=\"773\">7 lat<\/strong> (forma aktywnego wypoczynku i wprowadzenia do \u017ceglarstwa)<\/li>\n<li data-start=\"836\" data-end=\"968\">szkolenia regatowe dzieci i m\u0142odzie\u017cy od <strong data-start=\"877\" data-end=\"886\">7 lat<\/strong> \u2013 dla najbardziej zaanga\u017cowanych m\u0142odych \u017ceglarzy, w r\u00f3\u017cnych klasach regatowych<\/li>\n<\/ul>\n<p data-start=\"970\" data-end=\"1106\">Dzi\u0119ki tej \u015bcie\u017cce m\u0142odzi zawodnicy mog\u0105 rozwija\u0107 swoje umiej\u0119tno\u015bci krok po kroku \u2014 od pierwszego kontaktu z wod\u0105 po starty w zawodach.<\/p>\n<p>[\/vc_column_text]\t<\/div>\n<\/div><\/div>[vc_empty_space height=&#8221;20px&#8221;][vc_column_text]Rozpocznij swoj\u0105 \u017ceglarsk\u0105 podr\u00f3\u017c z Legia Sailing Schools ju\u017c dzi\u015b &#8211; <a href=\"http:\/\/sailing\/dolacz-do-nas\/\">kliknij <\/a>i wyp\u0142y\u0144 z nami na szerokie wody![\/vc_column_text][\/vc_column_inner][vc_column_inner offset=&#8221;vc_col-lg-6 vc_col-md-12 vc_col-xs-12&#8243; column_responsive_padding_1024=&#8221;28% 15px&#8221; column_responsive_padding_1440=&#8221;40% 30px&#8221; column_responsive_padding_680=&#8221;27% 15px&#8221;][vc_single_image image=&#8221;5694&#8243; img_size=&#8221;full&#8221; alignment=&#8221;center&#8221;][\/vc_column_inner][\/vc_row_inner][\/vc_column][\/vc_row]<\/p>\n<\/section>","protected":false},"excerpt":{"rendered":"<p>[vc_row el_id=&#8221;topTxt&#8221;][vc_column css=&#8221;.vc_custom_1578051990817{padding-top: 0px !important;}&#8221;][vc_row_inner content_placement=&#8221;middle&#8221; row_content_width=&#8221;grid&#8221; enable_dots_background=&#8221;yes&#8221; background_dots_align=&#8221;right&#8221; background_dots_skin=&#8221;light&#8221; css=&#8221;.vc_custom_1680815588038{margin-right: 0px !important;margin-left: 0px !important;}&#8221; background_dots_top_position=&#8221;10%&#8221; background_dots_height=&#8221;80%&#8221;][vc_column_inner css=&#8221;.vc_custom_1579598821857{padding-top: 120px !important;padding-right: 0px !important;padding-bottom: 120px !important;padding-left: 0px !important;}&#8221; offset=&#8221;vc_col-lg-6 vc_col-md-12 vc_col-xs-12&#8243; column_responsive_padding_1024=&#8221;130px 0px 120px&#8221; column_responsive_padding_680=&#8221;130px 0px 120px&#8221;][vc_single_image image=&#8221;5688&#8243; img_size=&#8221;FULL&#8221; alignment=&#8221;center&#8221;][\/vc_column_inner][vc_column_inner css=&#8221;.vc_custom_1580218880702{margin-top: -11px !important;padding-right: 20% !important;padding-left: 12% !important;}&#8221; column_responsive_padding_1366=&#8221;0% 11% 0% 12%&#8221; offset=&#8221;vc_col-lg-6 vc_col-md-12 vc_col-xs-12&#8243; column_responsive_padding_1024=&#8221;0% 0px 130px&#8221; [&hellip;]<\/p>\n","protected":false},"author":1,"featured_media":0,"parent":0,"menu_order":0,"comment_status":"closed","ping_status":"closed","template":"page-full-width.php","meta":{"_eb_attr":"","footnotes":""},"class_list":["post-3603","page","type-page","status-publish","hentry"],"_links":{"self":[{"href":"https:\/\/soccer.legia.com\/sailing\/wp-json\/wp\/v2\/pages\/3603","targetHints":{"allow":["GET"]}}],"collection":[{"href":"https:\/\/soccer.legia.com\/sailing\/wp-json\/wp\/v2\/pages"}],"about":[{"href":"https:\/\/soccer.legia.com\/sailing\/wp-json\/wp\/v2\/types\/page"}],"author":[{"embeddable":true,"href":"https:\/\/soccer.legia.com\/sailing\/wp-json\/wp\/v2\/users\/1"}],"replies":[{"embeddable":true,"href":"https:\/\/soccer.legia.com\/sailing\/wp-json\/wp\/v2\/comments?post=3603"}],"version-history":[{"count":41,"href":"https:\/\/soccer.legia.com\/sailing\/wp-json\/wp\/v2\/pages\/3603\/revisions"}],"predecessor-version":[{"id":5692,"href":"https:\/\/soccer.legia.com\/sailing\/wp-json\/wp\/v2\/pages\/3603\/revisions\/5692"}],"wp:attachment":[{"href":"https:\/\/soccer.legia.com\/sailing\/wp-json\/wp\/v2\/media?parent=3603"}],"curies":[{"name":"wp","href":"https:\/\/api.w.org\/{rel}","templated":true}]}}