{"id":5602,"date":"2025-09-30T20:08:23","date_gmt":"2025-09-30T20:08:23","guid":{"rendered":"https:\/\/soccer.legia.com\/marki\/?page_id=5602"},"modified":"2025-10-08T19:45:13","modified_gmt":"2025-10-08T19:45:13","slug":"oplaty","status":"publish","type":"page","link":"https:\/\/soccer.legia.com\/marki\/oplaty\/","title":{"rendered":"Op\u0142aty"},"content":{"rendered":"<section class=\"wpb-content-wrapper\"><p>[vc_row css=&#8221;.vc_custom_1756130677310{background: #f7f7f7 url(https:\/\/soccer.legia.com\/marki\/wp-content\/uploads\/sites\/13\/2025\/08\/title-dolacz.jpg?id=5530) !important;background-position: center !important;background-repeat: no-repeat !important;background-size: cover !important;}&#8221; el_id=&#8221;dolaczCont&#8221;][vc_column css=&#8221;.vc_custom_1682002874987{padding-top: 50px !important;padding-bottom: 50px !important;}&#8221; column_responsive_padding_1024=&#8221;72px 15px 30px&#8221;][vc_row_inner equal_height=&#8221;yes&#8221; content_placement=&#8221;middle&#8221; row_content_width=&#8221;grid&#8221; background_text_enable=&#8221;no&#8221; enable_dots_background=&#8221;no&#8221; el_id=&#8221;darmowyTrening&#8221; css=&#8221;.vc_custom_1683886486180{padding-top: 0px !important;background-position: center !important;background-repeat: no-repeat !important;background-size: contain !important;}&#8221;][vc_column_inner offset=&#8221;vc_col-lg-6 vc_col-md-12 vc_col-xs-12&#8243; column_responsive_padding_1440=&#8221;100px 0 100px 0&#8243; column_responsive_padding_1024=&#8221;50px 0 50px 0&#8243; css=&#8221;.vc_custom_1682078256099{padding-top: 120px !important;padding-bottom: 120px !important;}&#8221;]<div class=\"qodef-shortcode qodef-m  qodef-section-title qodef-alignment--left \">\n\t    <p class=\"qodef-m-subtitle\" >\n\t\tTrenuj w Legii!    <\/p>\n\t\t<h1 class=\"qodef-m-title\" style=\"margin-top: -3px\">\n\t\t\t\t\tOp\u0142aty za treningi\t\t\t<\/h1>\n\t\t<p class=\"qodef-m-text\" >Przed Wami ju\u017c tylko kilka krok\u00f3w do rozpocz\u0119cia trening\u00f3w w Legii Warszawa! Zapoznaj si\u0119 z cennikiem naszych zaj\u0119\u0107.<\/p>\n<\/div>[vc_empty_space height=&#8221;50px&#8221;]<a class=\"qodef-shortcode qodef-m zapisz buttons qodef-button qodef-layout--filled  qodef-html--link\" href=\"https:\/\/panel.legiaschools.pl\/\" target=\"_blank\" data-hover-color=\"#000000\" style=\"color: #ffffff;background-color: #00b654;border-color: #ffffff\">\n\t<span class=\"qodef-m-text\">ZAPISZ SI\u0118 NA TRENINGI<\/span>\n\t<span class=\"qodef-m-background-holder\" style=\"background-color: #ffffff\"><\/span>\n<\/a><a class=\"qodef-shortcode qodef-m buttons qodef-button qodef-layout--filled  qodef-html--link\" href=\"https:\/\/gratis.legiaschools.pl\/\" target=\"_blank\" data-hover-color=\"#000000\" style=\"color: #000000;background-color: #ffffff;border-color: #bfbfbf\">\n\t<span class=\"qodef-m-text\">TRENING GRATIS<\/span>\n\t<span class=\"qodef-m-background-holder\" style=\"background-color: #0bb650\"><\/span>\n<\/a>[vc_empty_space height=&#8221;50px&#8221;][vc_column_text]<strong>Przedszkola Pi\u0142karskie Legia Soccer Schools &#8211; Marki<\/strong><br \/>\nUdzia\u0142 w zaj\u0119ciach Pi\u0142karskich Przedszkoli Legia Warszawa, to koszt 160 z\u0142 \/miesi\u0105c.<br \/>\nOp\u0142ata startowa zaczyna si\u0119 od 199 z\u0142. W ramach op\u0142aty uczestnicy dostaj\u0105 komplet sportowy Ma\u0142ego Legionisty (koszulka, spodenki, getry lub skarpety). Mo\u017cliwo\u015b\u0107 powi\u0119kszenia pakietu o inne artyku\u0142y.<\/p>\n<p><strong>Szko\u0142a Techniki Legii Warszawa &#8211; Marki<\/strong><br \/>\nWpisowe: od 99 z\u0142 (w ramach wpisowego: profesjonalna pi\u0142ka treningowa oraz zaproszenie na mecz Legii Warszawa).<br \/>\nAbonament miesi\u0119czny: 169 z\u0142 (wersja standard)<\/p>\n<p><strong>Szko\u0142a Bramkarska Legii Warszawa &#8211; Marki<br \/>\n<\/strong>Wpisowe zale\u017cy od opcji jak\u0105 Pa\u0144stwo wybieraj\u0105. Do wyboru s\u0105 &#8211; pi\u0142ka oraz bluza, b\u0105d\u017a pi\u0142ka wraz z ca\u0142ym strojem bramkarskim Legii Warszawa<br \/>\nAbonament miesi\u0119czny: 179 z\u0142otych.<\/p>\n<p><strong>Powy\u017csze koszty to nie tylko zaj\u0119cia pi\u0142karskie dla dzieci ale tak\u017ce :<\/strong><br \/>\n&#8211; bilety na mecz Legii Warszawa na ul. \u0141azienkowskiej,<br \/>\n&#8211; spotkania z zawodnikami Mistrz\u00f3w Polski &#8211; Legii Warszawa, zdj\u0119cia z zawodnikami, autografy, rozmowa z zawodnikami i sztabem szkolenioweym,<br \/>\n&#8211; uczestnictwo w eventach organizowanych przez Klub Pi\u0142karski Legia Warszawa,<br \/>\n&#8211; zwiedzanie stadionu Legii Warszawa,<br \/>\n&#8211; mo\u017cliwe rabat w Fan Shop,<br \/>\n&#8211; TRENING NA G\u0141\u00d3WNEJ P\u0141YCIE STADIONU LEGII!!!<br \/>\n&#8211; i wiele wiele innych atrakcji.<\/p>\n<p><strong>Zapisz sie ju\u017c dzi\u015b\u00a0 <a href=\"https:\/\/panel.legiasoccerschools.pl\/\">https:\/\/panel.legiasoccerschools.pl\/<\/a><\/strong>[\/vc_column_text][\/vc_column_inner][vc_column_inner offset=&#8221;vc_col-lg-6 vc_col-md-12 vc_col-xs-12&#8243; css=&#8221;.vc_custom_1683886663848{margin-top: 0px !important;padding-top: 0px !important;}&#8221;][\/vc_column_inner][\/vc_row_inner][\/vc_column][\/vc_row]<\/p>\n<\/section>","protected":false},"excerpt":{"rendered":"<p>[vc_row css=&#8221;.vc_custom_1756130677310{background: #f7f7f7 url(https:\/\/soccer.legia.com\/marki\/wp-content\/uploads\/sites\/13\/2025\/08\/title-dolacz.jpg?id=5530) !important;background-position: center !important;background-repeat: no-repeat !important;background-size: cover !important;}&#8221; el_id=&#8221;dolaczCont&#8221;][vc_column css=&#8221;.vc_custom_1682002874987{padding-top: 50px !important;padding-bottom: 50px !important;}&#8221; column_responsive_padding_1024=&#8221;72px 15px 30px&#8221;][vc_row_inner equal_height=&#8221;yes&#8221; content_placement=&#8221;middle&#8221; row_content_width=&#8221;grid&#8221; background_text_enable=&#8221;no&#8221; enable_dots_background=&#8221;no&#8221; el_id=&#8221;darmowyTrening&#8221; css=&#8221;.vc_custom_1683886486180{padding-top: 0px !important;background-position: center !important;background-repeat: no-repeat !important;background-size: contain !important;}&#8221;][vc_column_inner offset=&#8221;vc_col-lg-6 vc_col-md-12 vc_col-xs-12&#8243; column_responsive_padding_1440=&#8221;100px 0 100px 0&#8243; column_responsive_padding_1024=&#8221;50px 0 50px 0&#8243; css=&#8221;.vc_custom_1682078256099{padding-top: 120px !important;padding-bottom: 120px !important;}&#8221;][vc_empty_space height=&#8221;50px&#8221;][vc_empty_space height=&#8221;50px&#8221;][vc_column_text]Przedszkola Pi\u0142karskie Legia [&hellip;]<\/p>\n","protected":false},"author":8,"featured_media":0,"parent":0,"menu_order":0,"comment_status":"closed","ping_status":"closed","template":"page-full-width.php","meta":{"_eb_attr":"","footnotes":""},"class_list":["post-5602","page","type-page","status-publish","hentry"],"_links":{"self":[{"href":"https:\/\/soccer.legia.com\/marki\/wp-json\/wp\/v2\/pages\/5602","targetHints":{"allow":["GET"]}}],"collection":[{"href":"https:\/\/soccer.legia.com\/marki\/wp-json\/wp\/v2\/pages"}],"about":[{"href":"https:\/\/soccer.legia.com\/marki\/wp-json\/wp\/v2\/types\/page"}],"author":[{"embeddable":true,"href":"https:\/\/soccer.legia.com\/marki\/wp-json\/wp\/v2\/users\/8"}],"replies":[{"embeddable":true,"href":"https:\/\/soccer.legia.com\/marki\/wp-json\/wp\/v2\/comments?post=5602"}],"version-history":[{"count":3,"href":"https:\/\/soccer.legia.com\/marki\/wp-json\/wp\/v2\/pages\/5602\/revisions"}],"predecessor-version":[{"id":5737,"href":"https:\/\/soccer.legia.com\/marki\/wp-json\/wp\/v2\/pages\/5602\/revisions\/5737"}],"wp:attachment":[{"href":"https:\/\/soccer.legia.com\/marki\/wp-json\/wp\/v2\/media?parent=5602"}],"curies":[{"name":"wp","href":"https:\/\/api.w.org\/{rel}","templated":true}]}}