{"id":5852,"date":"2026-04-16T10:33:44","date_gmt":"2026-04-16T10:33:44","guid":{"rendered":"https:\/\/soccer.legia.com\/darts\/?page_id=5852"},"modified":"2026-04-21T07:21:11","modified_gmt":"2026-04-21T07:21:11","slug":"jdc","status":"publish","type":"page","link":"https:\/\/soccer.legia.com\/darts\/jdc\/","title":{"rendered":"Junior Darts Corporation"},"content":{"rendered":"<section class=\"wpb-content-wrapper\"><p>[vc_row][vc_column width=&#8221;1\/3&#8243;][vc_single_image image=&#8221;5873&#8243; img_size=&#8221;full&#8221; onclick=&#8221;custom_link&#8221; img_link_target=&#8221;_blank&#8221; link=&#8221;https:\/\/www.juniordarts.com\/&#8221; css=&#8221;.vc_custom_1776348133824{margin-top: -100px !important;margin-bottom: -50px !important;}&#8221;][\/vc_column][vc_column width=&#8221;2\/3&#8243;][vc_column_text]<\/p>\n<h4 style=\"text-align: center\"><strong data-start=\"218\" data-end=\"252\">Junior Darts Corporation (JDC)<\/strong><br data-start=\"252\" data-end=\"255\" \/>Oficjalny program szkoleniowy m\u0142odych zawodnik\u00f3w darta<\/h4>\n<p>Legia Darts jest oficjalnym o\u015brodkiem szkoleniowym Junior Darts Corporation (JDC) &#8211; mi\u0119dzynarodowej organizacji rozwijaj\u0105cej m\u0142odych zawodnik\u00f3w darta. Nasza akademia prowadzi treningi zgodnie z mi\u0119dzynarodowym systemem szkoleniowym JDC.[\/vc_column_text][\/vc_column][vc_column][vc_separator][vc_gallery interval=&#8221;3&#8243; images=&#8221;5917,5918,5915&#8243; img_size=&#8221;medium&#8221;][\/vc_column][\/vc_row][vc_row][vc_column][vc_column_text][\/vc_column_text][\/vc_column][\/vc_row]<\/p>\n<\/section>","protected":false},"excerpt":{"rendered":"<p>[vc_row][vc_column width=&#8221;1\/3&#8243;][vc_single_image image=&#8221;5873&#8243; img_size=&#8221;full&#8221; onclick=&#8221;custom_link&#8221; img_link_target=&#8221;_blank&#8221; link=&#8221;https:\/\/www.juniordarts.com\/&#8221; css=&#8221;.vc_custom_1776348133824{margin-top: -100px !important;margin-bottom: -50px !important;}&#8221;][\/vc_column][vc_column width=&#8221;2\/3&#8243;][vc_column_text] Junior Darts Corporation (JDC)Oficjalny program szkoleniowy m\u0142odych zawodnik\u00f3w darta Legia Darts jest oficjalnym o\u015brodkiem szkoleniowym Junior Darts Corporation (JDC) &#8211; mi\u0119dzynarodowej organizacji rozwijaj\u0105cej m\u0142odych zawodnik\u00f3w darta. Nasza akademia prowadzi treningi zgodnie z mi\u0119dzynarodowym systemem szkoleniowym JDC.[\/vc_column_text][\/vc_column][vc_column][vc_separator][vc_gallery interval=&#8221;3&#8243; images=&#8221;5917,5918,5915&#8243; img_size=&#8221;medium&#8221;][\/vc_column][\/vc_row][vc_row][vc_column][vc_column_text][\/vc_column_text][\/vc_column][\/vc_row]<\/p>\n","protected":false},"author":60,"featured_media":5873,"parent":0,"menu_order":0,"comment_status":"closed","ping_status":"closed","template":"","meta":{"_eb_attr":"","footnotes":""},"class_list":["post-5852","page","type-page","status-publish","has-post-thumbnail","hentry"],"_links":{"self":[{"href":"https:\/\/soccer.legia.com\/darts\/wp-json\/wp\/v2\/pages\/5852","targetHints":{"allow":["GET"]}}],"collection":[{"href":"https:\/\/soccer.legia.com\/darts\/wp-json\/wp\/v2\/pages"}],"about":[{"href":"https:\/\/soccer.legia.com\/darts\/wp-json\/wp\/v2\/types\/page"}],"author":[{"embeddable":true,"href":"https:\/\/soccer.legia.com\/darts\/wp-json\/wp\/v2\/users\/60"}],"replies":[{"embeddable":true,"href":"https:\/\/soccer.legia.com\/darts\/wp-json\/wp\/v2\/comments?post=5852"}],"version-history":[{"count":9,"href":"https:\/\/soccer.legia.com\/darts\/wp-json\/wp\/v2\/pages\/5852\/revisions"}],"predecessor-version":[{"id":5924,"href":"https:\/\/soccer.legia.com\/darts\/wp-json\/wp\/v2\/pages\/5852\/revisions\/5924"}],"wp:featuredmedia":[{"embeddable":true,"href":"https:\/\/soccer.legia.com\/darts\/wp-json\/wp\/v2\/media\/5873"}],"wp:attachment":[{"href":"https:\/\/soccer.legia.com\/darts\/wp-json\/wp\/v2\/media?parent=5852"}],"curies":[{"name":"wp","href":"https:\/\/api.w.org\/{rel}","templated":true}]}}