{"id":3633,"date":"2023-04-06T21:51:07","date_gmt":"2023-04-06T21:51:07","guid":{"rendered":"https:\/\/legiaswimmingschools.pl\/?page_id=3633"},"modified":"2026-04-25T08:55:26","modified_gmt":"2026-04-25T08:55:26","slug":"harmonogram-treningow","status":"publish","type":"page","link":"https:\/\/soccer.legia.com\/darts\/harmonogram-treningow\/","title":{"rendered":"Harmonogram trening\u00f3w"},"content":{"rendered":"<section class=\"wpb-content-wrapper\"><p>[vc_row][vc_column css=&#8221;.vc_custom_1578051990817{padding-top: 0px !important;}&#8221;][vc_empty_space][\/vc_column][\/vc_row][vc_row row_content_width=&#8221;grid&#8221; css=&#8221;.vc_custom_1680818869805{margin-bottom: 50px !important;}&#8221;][vc_column][vc_row_inner css=&#8221;.vc_custom_1680819166885{margin-bottom: 50px !important;}&#8221;][vc_column_inner]<div class=\"qodef-shortcode qodef-m  qodef-section-title qodef-alignment--center \">\n\t    <p class=\"qodef-m-subtitle\" >\n\t\tHARMONOGRAM TRENING\u00d3W    <\/p>\n\t\t<h3 class=\"qodef-m-title\" style=\"margin-top: -3px\">\n\t\t\t\t\tGRUPA LEGIA DARTS KIDS ( OD 7 DO 12 LAT)\t\t\t<\/h3>\n\t\t<p class=\"qodef-m-text\" >Legia Darts Kids to zaj\u0119cia dla dzieci, podczas kt\u00f3rych najm\u0142odsi poznaj\u0105 podstawy gry w darta w formie aktywnej zabawy i sportowej rywalizacji. Pod okiem trenera ucz\u0105 si\u0119 techniki rzutu, koncentracji oraz zasad fair play. Treningi rozwijaj\u0105 koordynacj\u0119 ruchow\u0105, pewno\u015b\u0107 siebie, umiej\u0119tno\u015b\u0107 liczenia i my\u015blenie strategiczne w przyjaznej, sportowej atmosferze. Legia Darts to idealne miejsce na pierwsze kroki w \u015bwiecie darta.<\/p>\n<\/div>[\/vc_column_inner][\/vc_row_inner][vc_row_inner content_placement=&#8221;middle&#8221; el_class=&#8221;sectionHarmonogram&#8221;][vc_column_inner width=&#8221;1\/12&#8243; offset=&#8221;vc_hidden-sm vc_hidden-xs&#8221;][\/vc_column_inner][vc_column_inner el_class=&#8221;borderAll&#8221; css=&#8221;.vc_custom_1682365714239{padding-top: 50px !important;padding-right: 50px !important;padding-bottom: 50px !important;padding-left: 50px !important;background-color: #f7f7f7 !important;}&#8221; column_responsive_padding_1366=&#8221;20px&#8221; column_responsive_padding_1024=&#8221;15px&#8221; column_responsive_padding_680=&#8221;10px&#8221; offset=&#8221;vc_col-lg-10 vc_col-md-10&#8243;]<div class=\"qodef-shortcode qodef-m  qodef-section-title qodef-alignment--left \">\n\t    <p class=\"qodef-m-subtitle\" >\n\t\tSala Legia Darts - ul. \u0141azienkowska 3, Warszawa    <\/p>\n\t\t<h3 class=\"qodef-m-title\" >\n\t\t\t\t\tStadion Legii Warszawa\t\t\t<\/h3>\n\t\t<p class=\"qodef-m-text\" >PONIEDZIA\u0141KI 15.45 - 16.45<\/p>\n<\/div><a class=\"qodef-shortcode qodef-m buttons zobacz qodef-button qodef-layout--filled  qodef-html--link\" href=\"https:\/\/panel.schools.legia.com\/pl\/players\/join-training\/subscription\/54c8c2478e70bf5e02c074044ed3db0f32f2a84ac4c9e443\" target=\"_blank\" data-hover-color=\"#000000\" style=\"color: #000000;background-color: #ffffff;border-color: #dedede\">\n\t<span class=\"qodef-m-text\">ZAPISZ SI\u0118<\/span>\n\t<span class=\"qodef-m-background-holder\" style=\"background-color: #0bb650\"><\/span>\n<\/a>[\/vc_column_inner][vc_column_inner width=&#8221;1\/12&#8243; offset=&#8221;vc_hidden-sm vc_hidden-xs&#8221;][\/vc_column_inner][\/vc_row_inner][vc_row_inner content_placement=&#8221;middle&#8221; el_class=&#8221;sectionHarmonogram&#8221;][vc_column_inner width=&#8221;1\/12&#8243; offset=&#8221;vc_hidden-sm vc_hidden-xs&#8221;][\/vc_column_inner][vc_column_inner el_class=&#8221;borderAll&#8221; css=&#8221;.vc_custom_1682365714239{padding-top: 50px !important;padding-right: 50px !important;padding-bottom: 50px !important;padding-left: 50px !important;background-color: #f7f7f7 !important;}&#8221; column_responsive_padding_1366=&#8221;20px&#8221; column_responsive_padding_1024=&#8221;15px&#8221; column_responsive_padding_680=&#8221;10px&#8221; offset=&#8221;vc_col-lg-10 vc_col-md-10&#8243;]<div class=\"qodef-shortcode qodef-m  qodef-section-title qodef-alignment--left \">\n\t    <p class=\"qodef-m-subtitle\" >\n\t\tSala Legia Darts - ul. \u0141azienkowska 3, Warszawa    <\/p>\n\t\t<h3 class=\"qodef-m-title\" >\n\t\t\t\t\tStadion Legii Warszawa\t\t\t<\/h3>\n\t\t<p class=\"qodef-m-text\" >SOBOTY 10.15 - 11.15<\/p>\n<\/div><a class=\"qodef-shortcode qodef-m buttons zobacz qodef-button qodef-layout--filled  qodef-html--link\" href=\"https:\/\/panel.schools.legia.com\/pl\/players\/join-training\/subscription\/39aea739a31932271f519e1175443bf394026b72356943cb\" target=\"_blank\" data-hover-color=\"#000000\" style=\"color: #000000;background-color: #ffffff;border-color: #dedede\">\n\t<span class=\"qodef-m-text\">ZAPISZ SI\u0118<\/span>\n\t<span class=\"qodef-m-background-holder\" style=\"background-color: #0bb650\"><\/span>\n<\/a>[\/vc_column_inner][vc_column_inner width=&#8221;1\/12&#8243; offset=&#8221;vc_hidden-sm vc_hidden-xs&#8221;][\/vc_column_inner][\/vc_row_inner][\/vc_column][\/vc_row][vc_row row_content_width=&#8221;grid&#8221; css=&#8221;.vc_custom_1680818869805{margin-bottom: 50px !important;}&#8221;][vc_column][vc_row_inner css=&#8221;.vc_custom_1680819166885{margin-bottom: 50px !important;}&#8221;][vc_column_inner]<div class=\"qodef-shortcode qodef-m  qodef-section-title qodef-alignment--center \">\n\t    <p class=\"qodef-m-subtitle\" >\n\t\tHARMONOGRAM TRENING\u00d3W    <\/p>\n\t\t<h3 class=\"qodef-m-title\" style=\"margin-top: -3px\">\n\t\t\t\t\tGRUPA LEGIA DARTS JUNIORS ( OD 13 DO 17 LAT)\t\t\t<\/h3>\n\t\t<p class=\"qodef-m-text\" >Legia Darts Juniors to treningi dla m\u0142odzie\u017cy, kt\u00f3re rozwijaj\u0105 umiej\u0119tno\u015bci gry w darta i wprowadzaj\u0105 w \u015bwiat sportowej rywalizacji. Pod okiem trenera uczestnicy doskonal\u0105 technik\u0119 rzutu, ucz\u0105 si\u0119 skutecznego punktowania oraz element\u00f3w strategii gry. Zaj\u0119cia pomagaj\u0105 rozwija\u0107 koncentracj\u0119, umiej\u0119tno\u015b\u0107 liczenia, samodyscyplin\u0119 i pewno\u015b\u0107 siebie w sportowej atmosferze. Legia Darts - tu rozwijaj\u0105 si\u0119 przyszli zawodnicy darta.<\/p>\n<\/div>[\/vc_column_inner][\/vc_row_inner][vc_row_inner content_placement=&#8221;middle&#8221; el_class=&#8221;sectionHarmonogram&#8221;][vc_column_inner width=&#8221;1\/12&#8243; offset=&#8221;vc_hidden-sm vc_hidden-xs&#8221;][\/vc_column_inner][vc_column_inner el_class=&#8221;borderAll&#8221; css=&#8221;.vc_custom_1682365714239{padding-top: 50px !important;padding-right: 50px !important;padding-bottom: 50px !important;padding-left: 50px !important;background-color: #f7f7f7 !important;}&#8221; column_responsive_padding_1366=&#8221;20px&#8221; column_responsive_padding_1024=&#8221;15px&#8221; column_responsive_padding_680=&#8221;10px&#8221; offset=&#8221;vc_col-lg-10 vc_col-md-10&#8243;]<div class=\"qodef-shortcode qodef-m  qodef-section-title qodef-alignment--left \">\n\t    <p class=\"qodef-m-subtitle\" >\n\t\tSala Legia Darts - ul. \u0141azienkowska 3, Warszawa    <\/p>\n\t\t<h3 class=\"qodef-m-title\" >\n\t\t\t\t\tStadion Legii Warszawa\t\t\t<\/h3>\n\t\t<p class=\"qodef-m-text\" >PONIEDZIA\u0141KI 17.00 - 18.15<\/p>\n<\/div><a class=\"qodef-shortcode qodef-m buttons zobacz qodef-button qodef-layout--filled  qodef-html--link\" href=\"https:\/\/panel.schools.legia.com\/pl\/players\/join-training\/subscription\/7fc3e2d3e0a61613aa5dde04230d37a46bf10b3f6ea244d1\" target=\"_blank\" data-hover-color=\"#000000\" style=\"color: #000000;background-color: #ffffff;border-color: #dedede\">\n\t<span class=\"qodef-m-text\">ZAPISZ SI\u0118<\/span>\n\t<span class=\"qodef-m-background-holder\" style=\"background-color: #0bb650\"><\/span>\n<\/a>[\/vc_column_inner][vc_column_inner width=&#8221;1\/12&#8243; offset=&#8221;vc_hidden-sm vc_hidden-xs&#8221;][\/vc_column_inner][\/vc_row_inner][vc_row_inner content_placement=&#8221;middle&#8221; el_class=&#8221;sectionHarmonogram&#8221;][vc_column_inner width=&#8221;1\/12&#8243; offset=&#8221;vc_hidden-sm vc_hidden-xs&#8221;][\/vc_column_inner][vc_column_inner el_class=&#8221;borderAll&#8221; css=&#8221;.vc_custom_1682365714239{padding-top: 50px !important;padding-right: 50px !important;padding-bottom: 50px !important;padding-left: 50px !important;background-color: #f7f7f7 !important;}&#8221; column_responsive_padding_1366=&#8221;20px&#8221; column_responsive_padding_1024=&#8221;15px&#8221; column_responsive_padding_680=&#8221;10px&#8221; offset=&#8221;vc_col-lg-10 vc_col-md-10&#8243;]<div class=\"qodef-shortcode qodef-m  qodef-section-title qodef-alignment--left \">\n\t    <p class=\"qodef-m-subtitle\" >\n\t\tSala Legia Darts - ul. \u0141azienkowska 3, Warszawa    <\/p>\n\t\t<h3 class=\"qodef-m-title\" >\n\t\t\t\t\tStadion Legii Warszawa\t\t\t<\/h3>\n\t\t<p class=\"qodef-m-text\" >SOBOTY 11.30 - 12.45<\/p>\n<\/div><a class=\"qodef-shortcode qodef-m buttons zobacz qodef-button qodef-layout--filled  qodef-html--link\" href=\"https:\/\/panel.schools.legia.com\/pl\/players\/join-training\/subscription\/950211757b36699de7ada22c8d4e2ecb8637cf5c18b68d60\" target=\"_blank\" data-hover-color=\"#000000\" style=\"color: #000000;background-color: #ffffff;border-color: #dedede\">\n\t<span class=\"qodef-m-text\">ZAPISZ SI\u0118<\/span>\n\t<span class=\"qodef-m-background-holder\" style=\"background-color: #0bb650\"><\/span>\n<\/a>[\/vc_column_inner][vc_column_inner width=&#8221;1\/12&#8243; offset=&#8221;vc_hidden-sm vc_hidden-xs&#8221;][\/vc_column_inner][\/vc_row_inner][\/vc_column][\/vc_row][vc_row row_content_width=&#8221;grid&#8221; css=&#8221;.vc_custom_1680818869805{margin-bottom: 50px !important;}&#8221;][vc_column][vc_row_inner css=&#8221;.vc_custom_1680819166885{margin-bottom: 50px !important;}&#8221;][vc_column_inner]<div class=\"qodef-shortcode qodef-m  qodef-section-title qodef-alignment--center \">\n\t    <p class=\"qodef-m-subtitle\" >\n\t\tHARMONOGRAM TRENING\u00d3W    <\/p>\n\t\t<h3 class=\"qodef-m-title\" style=\"margin-top: -3px\">\n\t\t\t\t\tGRUPA LEGIA DARTS MASTERS ( DORO\u015aLI)\t\t\t<\/h3>\n\t\t<p class=\"qodef-m-text\" >Legia Darts Masters to treningi dla doros\u0142ych prowadzone pod okiem trenera, przeznaczone zar\u00f3wno dla os\u00f3b, kt\u00f3re dopiero chc\u0105 rozpocz\u0105\u0107 swoj\u0105 przygod\u0119 z dartem, jak i dla tych, kt\u00f3rzy ju\u017c graj\u0105 i chc\u0105 podnosi\u0107 swoje umiej\u0119tno\u015bci. Podczas zaj\u0119\u0107 pracujemy nad technik\u0105 rzutu, skuteczno\u015bci\u0105 punktowania oraz elementami strategii wykorzystywanymi w darcie turniejowym. Trenuj, rywalizuj i rozwijaj swoj\u0105 gr\u0119 w sportowej atmosferze Legia Darts.<\/p>\n<\/div>[\/vc_column_inner][\/vc_row_inner][vc_row_inner content_placement=&#8221;middle&#8221; el_class=&#8221;sectionHarmonogram&#8221;][vc_column_inner width=&#8221;1\/12&#8243; offset=&#8221;vc_hidden-sm vc_hidden-xs&#8221;][\/vc_column_inner][vc_column_inner el_class=&#8221;borderAll&#8221; css=&#8221;.vc_custom_1682365714239{padding-top: 50px !important;padding-right: 50px !important;padding-bottom: 50px !important;padding-left: 50px !important;background-color: #f7f7f7 !important;}&#8221; column_responsive_padding_1366=&#8221;20px&#8221; column_responsive_padding_1024=&#8221;15px&#8221; column_responsive_padding_680=&#8221;10px&#8221; offset=&#8221;vc_col-lg-10 vc_col-md-10&#8243;]<div class=\"qodef-shortcode qodef-m  qodef-section-title qodef-alignment--left \">\n\t    <p class=\"qodef-m-subtitle\" >\n\t\tSala Legia Darts - ul. \u0141azienkowska 3, Warszawa    <\/p>\n\t\t<h3 class=\"qodef-m-title\" >\n\t\t\t\t\tStadion Legii Warszawa\t\t\t<\/h3>\n\t\t<p class=\"qodef-m-text\" >PONIEDZIA\u0141KI 18.30-19.45<\/p>\n<\/div><a class=\"qodef-shortcode qodef-m buttons zobacz qodef-button qodef-layout--filled  qodef-html--link\" href=\"https:\/\/panel.schools.legia.com\/pl\/players\/join-training\/subscription\/27336eb586118f9a31f09c994f3213b119538d10120a0ace\" target=\"_blank\" data-hover-color=\"#000000\" style=\"color: #000000;background-color: #ffffff;border-color: #dedede\">\n\t<span class=\"qodef-m-text\">ZAPISZ SI\u0118<\/span>\n\t<span class=\"qodef-m-background-holder\" style=\"background-color: #0bb650\"><\/span>\n<\/a>[\/vc_column_inner][vc_column_inner width=&#8221;1\/12&#8243; offset=&#8221;vc_hidden-sm vc_hidden-xs&#8221;][\/vc_column_inner][\/vc_row_inner][vc_row_inner content_placement=&#8221;middle&#8221; el_class=&#8221;sectionHarmonogram&#8221;][vc_column_inner width=&#8221;1\/12&#8243; offset=&#8221;vc_hidden-sm vc_hidden-xs&#8221;][\/vc_column_inner][vc_column_inner el_class=&#8221;borderAll&#8221; css=&#8221;.vc_custom_1682365714239{padding-top: 50px !important;padding-right: 50px !important;padding-bottom: 50px !important;padding-left: 50px !important;background-color: #f7f7f7 !important;}&#8221; column_responsive_padding_1366=&#8221;20px&#8221; column_responsive_padding_1024=&#8221;15px&#8221; column_responsive_padding_680=&#8221;10px&#8221; offset=&#8221;vc_col-lg-10 vc_col-md-10&#8243;]<div class=\"qodef-shortcode qodef-m  qodef-section-title qodef-alignment--left \">\n\t    <p class=\"qodef-m-subtitle\" >\n\t\tSala Legia Darts - ul. \u0141azienkowska 3, Warszawa    <\/p>\n\t\t<h3 class=\"qodef-m-title\" >\n\t\t\t\t\tStadion Legii Warszawa\t\t\t<\/h3>\n\t\t<p class=\"qodef-m-text\" >SOBOTY 14.30 - 15.45<\/p>\n<\/div><a class=\"qodef-shortcode qodef-m buttons zobacz qodef-button qodef-layout--filled  qodef-html--link\" href=\"https:\/\/panel.schools.legia.com\/pl\/players\/join-training\/subscription\/95d2b67cc99a69260bb179c36d658427a41239705c6241d3\" target=\"_blank\" data-hover-color=\"#000000\" style=\"color: #000000;background-color: #ffffff;border-color: #dedede\">\n\t<span class=\"qodef-m-text\">ZAPISZ SI\u0118<\/span>\n\t<span class=\"qodef-m-background-holder\" style=\"background-color: #0bb650\"><\/span>\n<\/a>[\/vc_column_inner][vc_column_inner width=&#8221;1\/12&#8243; offset=&#8221;vc_hidden-sm vc_hidden-xs&#8221;][\/vc_column_inner][\/vc_row_inner][vc_row_inner content_placement=&#8221;middle&#8221; el_class=&#8221;sectionHarmonogram&#8221;][vc_column_inner width=&#8221;1\/12&#8243; offset=&#8221;vc_hidden-sm vc_hidden-xs&#8221;][\/vc_column_inner][vc_column_inner el_class=&#8221;borderAll&#8221; css=&#8221;.vc_custom_1682365714239{padding-top: 50px !important;padding-right: 50px !important;padding-bottom: 50px !important;padding-left: 50px !important;background-color: #f7f7f7 !important;}&#8221; column_responsive_padding_1366=&#8221;20px&#8221; column_responsive_padding_1024=&#8221;15px&#8221; column_responsive_padding_680=&#8221;10px&#8221; offset=&#8221;vc_col-lg-10 vc_col-md-10&#8243;]<div class=\"qodef-shortcode qodef-m  qodef-section-title qodef-alignment--left \">\n\t    <p class=\"qodef-m-subtitle\" >\n\t\tSala Legia Darts - ul. \u0141azienkowska 3, Warszawa    <\/p>\n\t\t<h3 class=\"qodef-m-title\" >\n\t\t\t\t\tStadion Legii Warszawa\t\t\t<\/h3>\n\t\t<p class=\"qodef-m-text\" >PONIEDZIA\u0141KI 20.00 - 21.15<\/p>\n<\/div><a class=\"qodef-shortcode qodef-m buttons zobacz qodef-button qodef-layout--filled  qodef-html--link\" href=\"\" target=\"_self\" data-hover-color=\"#000000\" style=\"color: #000000;background-color: #ffffff;border-color: #dedede\">\n\t<span class=\"qodef-m-text\">BRAK WOLNYCH MIEJSC<\/span>\n\t<span class=\"qodef-m-background-holder\" style=\"background-color: #dd3333\"><\/span>\n<\/a>[\/vc_column_inner][vc_column_inner width=&#8221;1\/12&#8243; offset=&#8221;vc_hidden-sm vc_hidden-xs&#8221;][\/vc_column_inner][\/vc_row_inner][vc_row_inner content_placement=&#8221;middle&#8221; el_class=&#8221;sectionHarmonogram&#8221;][vc_column_inner width=&#8221;1\/12&#8243; offset=&#8221;vc_hidden-sm vc_hidden-xs&#8221;][\/vc_column_inner][vc_column_inner el_class=&#8221;borderAll&#8221; css=&#8221;.vc_custom_1682365714239{padding-top: 50px !important;padding-right: 50px !important;padding-bottom: 50px !important;padding-left: 50px !important;background-color: #f7f7f7 !important;}&#8221; column_responsive_padding_1366=&#8221;20px&#8221; column_responsive_padding_1024=&#8221;15px&#8221; column_responsive_padding_680=&#8221;10px&#8221; offset=&#8221;vc_col-lg-10 vc_col-md-10&#8243;]<div class=\"qodef-shortcode qodef-m  qodef-section-title qodef-alignment--left \">\n\t    <p class=\"qodef-m-subtitle\" >\n\t\tSala Legia Darts - ul. \u0141azienkowska 3, Warszawa    <\/p>\n\t\t<h3 class=\"qodef-m-title\" >\n\t\t\t\t\tStadion Legii Warszawa\t\t\t<\/h3>\n\t\t<p class=\"qodef-m-text\" >SOBOTY 13.00 - 14.15<\/p>\n<\/div><a class=\"qodef-shortcode qodef-m buttons zobacz qodef-button qodef-layout--filled  qodef-html--link\" href=\"\" target=\"_self\" data-hover-color=\"#000000\" style=\"color: #000000;background-color: #ffffff;border-color: #dedede\">\n\t<span class=\"qodef-m-text\">BRAK WOLNYCH MIEJSC<\/span>\n\t<span class=\"qodef-m-background-holder\" style=\"background-color: #dd3333\"><\/span>\n<\/a>[\/vc_column_inner][vc_column_inner width=&#8221;1\/12&#8243; offset=&#8221;vc_hidden-sm vc_hidden-xs&#8221;][\/vc_column_inner][\/vc_row_inner][\/vc_column][\/vc_row]<\/p>\n<\/section>","protected":false},"excerpt":{"rendered":"<p>[vc_row][vc_column css=&#8221;.vc_custom_1578051990817{padding-top: 0px !important;}&#8221;][vc_empty_space][\/vc_column][\/vc_row][vc_row row_content_width=&#8221;grid&#8221; css=&#8221;.vc_custom_1680818869805{margin-bottom: 50px !important;}&#8221;][vc_column][vc_row_inner css=&#8221;.vc_custom_1680819166885{margin-bottom: 50px !important;}&#8221;][vc_column_inner][\/vc_column_inner][\/vc_row_inner][vc_row_inner content_placement=&#8221;middle&#8221; el_class=&#8221;sectionHarmonogram&#8221;][vc_column_inner width=&#8221;1\/12&#8243; offset=&#8221;vc_hidden-sm vc_hidden-xs&#8221;][\/vc_column_inner][vc_column_inner el_class=&#8221;borderAll&#8221; css=&#8221;.vc_custom_1682365714239{padding-top: 50px !important;padding-right: 50px !important;padding-bottom: 50px !important;padding-left: 50px !important;background-color: #f7f7f7 !important;}&#8221; column_responsive_padding_1366=&#8221;20px&#8221; column_responsive_padding_1024=&#8221;15px&#8221; column_responsive_padding_680=&#8221;10px&#8221; offset=&#8221;vc_col-lg-10 vc_col-md-10&#8243;][\/vc_column_inner][vc_column_inner width=&#8221;1\/12&#8243; offset=&#8221;vc_hidden-sm vc_hidden-xs&#8221;][\/vc_column_inner][\/vc_row_inner][vc_row_inner content_placement=&#8221;middle&#8221; el_class=&#8221;sectionHarmonogram&#8221;][vc_column_inner width=&#8221;1\/12&#8243; offset=&#8221;vc_hidden-sm vc_hidden-xs&#8221;][\/vc_column_inner][vc_column_inner el_class=&#8221;borderAll&#8221; css=&#8221;.vc_custom_1682365714239{padding-top: 50px !important;padding-right: 50px !important;padding-bottom: 50px !important;padding-left: 50px !important;background-color: #f7f7f7 !important;}&#8221; column_responsive_padding_1366=&#8221;20px&#8221; column_responsive_padding_1024=&#8221;15px&#8221; [&hellip;]<\/p>\n","protected":false},"author":1,"featured_media":0,"parent":0,"menu_order":0,"comment_status":"closed","ping_status":"closed","template":"page-full-width.php","meta":{"_eb_attr":"","footnotes":""},"class_list":["post-3633","page","type-page","status-publish","hentry"],"_links":{"self":[{"href":"https:\/\/soccer.legia.com\/darts\/wp-json\/wp\/v2\/pages\/3633","targetHints":{"allow":["GET"]}}],"collection":[{"href":"https:\/\/soccer.legia.com\/darts\/wp-json\/wp\/v2\/pages"}],"about":[{"href":"https:\/\/soccer.legia.com\/darts\/wp-json\/wp\/v2\/types\/page"}],"author":[{"embeddable":true,"href":"https:\/\/soccer.legia.com\/darts\/wp-json\/wp\/v2\/users\/1"}],"replies":[{"embeddable":true,"href":"https:\/\/soccer.legia.com\/darts\/wp-json\/wp\/v2\/comments?post=3633"}],"version-history":[{"count":111,"href":"https:\/\/soccer.legia.com\/darts\/wp-json\/wp\/v2\/pages\/3633\/revisions"}],"predecessor-version":[{"id":5985,"href":"https:\/\/soccer.legia.com\/darts\/wp-json\/wp\/v2\/pages\/3633\/revisions\/5985"}],"wp:attachment":[{"href":"https:\/\/soccer.legia.com\/darts\/wp-json\/wp\/v2\/media?parent=3633"}],"curies":[{"name":"wp","href":"https:\/\/api.w.org\/{rel}","templated":true}]}}