{"id":3603,"date":"2023-04-06T20:49:34","date_gmt":"2023-04-06T20:49:34","guid":{"rendered":"https:\/\/legiaswimmingschools.pl\/?page_id=3603"},"modified":"2026-04-15T21:18:55","modified_gmt":"2026-04-15T21:18:55","slug":"o-nas","status":"publish","type":"page","link":"https:\/\/soccer.legia.com\/darts\/o-nas\/","title":{"rendered":"O nas"},"content":{"rendered":"<section class=\"wpb-content-wrapper\"><p>[vc_row el_id=&#8221;topTxt&#8221;][vc_column css=&#8221;.vc_custom_1578051990817{padding-top: 0px !important;}&#8221;][vc_row_inner content_placement=&#8221;middle&#8221; row_content_width=&#8221;grid&#8221; enable_dots_background=&#8221;yes&#8221; background_dots_align=&#8221;right&#8221; background_dots_skin=&#8221;light&#8221; css=&#8221;.vc_custom_1680815588038{margin-right: 0px !important;margin-left: 0px !important;}&#8221; background_dots_top_position=&#8221;10%&#8221; background_dots_height=&#8221;80%&#8221;][vc_column_inner css=&#8221;.vc_custom_1579598821857{padding-top: 120px !important;padding-right: 0px !important;padding-bottom: 120px !important;padding-left: 0px !important;}&#8221; offset=&#8221;vc_col-lg-6 vc_col-md-12 vc_col-xs-12&#8243; column_responsive_padding_1024=&#8221;130px 0px 120px&#8221; column_responsive_padding_680=&#8221;130px 0px 120px&#8221;][vc_single_image image=&#8221;5080&#8243; img_size=&#8221;300&#215;400&#8243; alignment=&#8221;center&#8221;][\/vc_column_inner][vc_column_inner css=&#8221;.vc_custom_1580218880702{margin-top: -11px !important;padding-right: 20% !important;padding-left: 12% !important;}&#8221; column_responsive_padding_1366=&#8221;0% 11% 0% 12%&#8221; offset=&#8221;vc_col-lg-6 vc_col-md-12 vc_col-xs-12&#8243; column_responsive_padding_1024=&#8221;0% 0px 130px&#8221; column_responsive_padding_680=&#8221;0% 0px 130px&#8221; column_responsive_padding_1280=&#8221;0% 10% 0% 12%&#8221;]<div class=\"qodef-shortcode qodef-m  qodef-section-title qodef-alignment--left \">\n\t\t\t<h2 class=\"qodef-m-title\" style=\"color: #ffffff;margin-top: -3px\">\n\t\t\t\t\tLEGIA DARTS\t\t\t<\/h2>\n\t\t<p class=\"qodef-m-text\" style=\"color: #ffffff\">Legia Darts to akademia dzia\u0142aj\u0105ca przy Legii Warszawa, rozwijaj\u0105ca darta jako dyscyplin\u0119 sportow\u0105 w profesjonalnym \u015brodowisku treningowym. Organizujemy treningi dla dzieci, m\u0142odzie\u017cy i doros\u0142ych, prowadzone przez do\u015bwiadczonych zawodnik\u00f3w i trener\u00f3w. Naszym celem jest rozw\u00f3j umiej\u0119tno\u015bci sportowych, popularyzacja darta w Polsce oraz budowanie silnej spo\u0142eczno\u015bci pasjonat\u00f3w tej dyscypliny.<\/p>\n<\/div>[\/vc_column_inner][\/vc_row_inner][\/vc_column][\/vc_row][vc_row][vc_column css=&#8221;.vc_custom_1584102337286{padding-top: 120px !important;padding-bottom: 20px !important;}&#8221; column_responsive_padding_1024=&#8221;72px 15px 30px&#8221;][vc_row_inner equal_height=&#8221;yes&#8221; rtl_reverse=&#8221;yes&#8221; content_placement=&#8221;middle&#8221; row_content_width=&#8221;grid&#8221; enable_dots_background=&#8221;yes&#8221; background_dots_align=&#8221;left&#8221; background_dots_top_position=&#8221;-7%&#8221; background_dots_height=&#8221;105%&#8221; css=&#8221;.vc_custom_1680815039317{margin-right: 0px !important;margin-left: 0px !important;padding-right: 0px !important;padding-left: 0px !important;}&#8221;][vc_column_inner offset=&#8221;vc_col-lg-6 vc_col-md-12 vc_col-xs-12&#8243; column_responsive_padding_1024=&#8221;0px 15px 70px&#8221; css=&#8221;.vc_custom_1585223728345{padding-top: 20px !important;padding-right: 30px !important;padding-left: 5px !important;}&#8221; column_responsive_padding_1440=&#8221;10px 30px 10px 15px&#8221;]<div class=\"qodef-shortcode qodef-m  qodef-section-title qodef-alignment--center \">\n\t\t\t<h2 class=\"qodef-m-title\" style=\"margin-top: -3px\">\n\t\t\t\t\tWitaj w dru\u017cynie!\t\t\t<\/h2>\n\t\t<p class=\"qodef-m-text\" >Witaj w dru\u017cynie Legia Darts - miejscu, gdzie pasja do darta spotyka si\u0119 ze sportow\u0105 rywalizacj\u0105.<\/p>\n<\/div>[vc_empty_space height=&#8221;20px&#8221;]<div class=\"qodef-shortcode qodef-m akordeon qodef-accordion clear qodef-behavior--accordion qodef-layout--simple\">\n\t<h4 class=\"qodef-accordion-title\">\n\t<span class=\"qodef-tab-title\">\n\t\tDobra zabawa\t<\/span>\n\t<span class=\"qodef-accordion-mark\">\n\t\t<span class=\"qodef-icon--plus icon_plus\"><\/span>\n\t\t<span class=\"qodef-icon--minus icon_minus-06\"><\/span>\n\t<\/span>\n<\/h4>\n<div class=\"qodef-accordion-content\">\n\t<div class=\"qodef-accordion-content-inner\">\n\t\t[vc_column_text]Dart to sport, kt\u00f3ry \u0142\u0105czy rywalizacj\u0119 z dobr\u0105 zabaw\u0105. Ka\u017cdy rzut daje satysfakcj\u0119, a gra szybko wci\u0105ga i pozwala poprawia\u0107 swoje umiej\u0119tno\u015bci z treningu na trening. To dyscyplina dost\u0119pna dla ka\u017cdego &#8211; niezale\u017cnie od wieku czy poziomu zaawansowania &#8211; kt\u00f3ra rozwija koncentracj\u0119, precyzj\u0119 i strategiczne my\u015blenie, a przy tym daje du\u017co rado\u015bci ze wsp\u00f3lnej gry.[\/vc_column_text]\t<\/div>\n<\/div><h4 class=\"qodef-accordion-title\">\n\t<span class=\"qodef-tab-title\">\n\t\tRozw\u00f3j\t<\/span>\n\t<span class=\"qodef-accordion-mark\">\n\t\t<span class=\"qodef-icon--plus icon_plus\"><\/span>\n\t\t<span class=\"qodef-icon--minus icon_minus-06\"><\/span>\n\t<\/span>\n<\/h4>\n<div class=\"qodef-accordion-content\">\n\t<div class=\"qodef-accordion-content-inner\">\n\t\t[vc_column_text]Regularny trening darta poprawia koncentracj\u0119, precyzj\u0119 ruchu, koordynacj\u0119 oraz umiej\u0119tno\u015b\u0107 strategicznego my\u015blenia. Gra uczy r\u00f3wnie\u017c cierpliwo\u015bci, opanowania i radzenia sobie z presj\u0105, dzi\u0119ki czemu wspiera rozw\u00f3j sportowy i osobisty na ka\u017cdym etapie treningu.[\/vc_column_text]\t<\/div>\n<\/div><h4 class=\"qodef-accordion-title\">\n\t<span class=\"qodef-tab-title\">\n\t\tAspekt spo\u0142eczny\t<\/span>\n\t<span class=\"qodef-accordion-mark\">\n\t\t<span class=\"qodef-icon--plus icon_plus\"><\/span>\n\t\t<span class=\"qodef-icon--minus icon_minus-06\"><\/span>\n\t<\/span>\n<\/h4>\n<div class=\"qodef-accordion-content\">\n\t<div class=\"qodef-accordion-content-inner\">\n\t\t[vc_column_text]Legia to co\u015b wi\u0119cej ni\u017c klub &#8211; to wyj\u0105tkowa spo\u0142eczno\u015b\u0107! Wsp\u00f3lne treningi i rywalizacja przy tarczy, sprzyjaj\u0105 nawi\u0105zywaniu relacji, budowaniu zespo\u0142owej atmosfery i integracji uczestnik\u00f3w w r\u00f3\u017cnym wieku. To tak\u017ce przestrze\u0144 do spotka\u0144, wymiany do\u015bwiadcze\u0144 i wsp\u00f3lnego prze\u017cywania sportowych emocji.[\/vc_column_text]\t<\/div>\n<\/div><\/div>[vc_empty_space height=&#8221;20px&#8221;][\/vc_column_inner][vc_column_inner offset=&#8221;vc_col-lg-6 vc_col-md-12 vc_col-xs-12&#8243; column_responsive_padding_1024=&#8221;28% 15px&#8221; column_responsive_padding_1440=&#8221;40% 30px&#8221; column_responsive_padding_680=&#8221;27% 15px&#8221;][vc_single_image image=&#8221;5771&#8243; img_size=&#8221;full&#8221; alignment=&#8221;center&#8221;][\/vc_column_inner][\/vc_row_inner][\/vc_column][\/vc_row]<\/p>\n<\/section>","protected":false},"excerpt":{"rendered":"<p>[vc_row el_id=&#8221;topTxt&#8221;][vc_column css=&#8221;.vc_custom_1578051990817{padding-top: 0px !important;}&#8221;][vc_row_inner content_placement=&#8221;middle&#8221; row_content_width=&#8221;grid&#8221; enable_dots_background=&#8221;yes&#8221; background_dots_align=&#8221;right&#8221; background_dots_skin=&#8221;light&#8221; css=&#8221;.vc_custom_1680815588038{margin-right: 0px !important;margin-left: 0px !important;}&#8221; background_dots_top_position=&#8221;10%&#8221; background_dots_height=&#8221;80%&#8221;][vc_column_inner css=&#8221;.vc_custom_1579598821857{padding-top: 120px !important;padding-right: 0px !important;padding-bottom: 120px !important;padding-left: 0px !important;}&#8221; offset=&#8221;vc_col-lg-6 vc_col-md-12 vc_col-xs-12&#8243; column_responsive_padding_1024=&#8221;130px 0px 120px&#8221; column_responsive_padding_680=&#8221;130px 0px 120px&#8221;][vc_single_image image=&#8221;5080&#8243; img_size=&#8221;300&#215;400&#8243; alignment=&#8221;center&#8221;][\/vc_column_inner][vc_column_inner css=&#8221;.vc_custom_1580218880702{margin-top: -11px !important;padding-right: 20% !important;padding-left: 12% !important;}&#8221; column_responsive_padding_1366=&#8221;0% 11% 0% 12%&#8221; offset=&#8221;vc_col-lg-6 vc_col-md-12 vc_col-xs-12&#8243; column_responsive_padding_1024=&#8221;0% 0px 130px&#8221; [&hellip;]<\/p>\n","protected":false},"author":1,"featured_media":0,"parent":0,"menu_order":0,"comment_status":"closed","ping_status":"closed","template":"page-full-width.php","meta":{"_eb_attr":"","footnotes":""},"class_list":["post-3603","page","type-page","status-publish","hentry"],"_links":{"self":[{"href":"https:\/\/soccer.legia.com\/darts\/wp-json\/wp\/v2\/pages\/3603","targetHints":{"allow":["GET"]}}],"collection":[{"href":"https:\/\/soccer.legia.com\/darts\/wp-json\/wp\/v2\/pages"}],"about":[{"href":"https:\/\/soccer.legia.com\/darts\/wp-json\/wp\/v2\/types\/page"}],"author":[{"embeddable":true,"href":"https:\/\/soccer.legia.com\/darts\/wp-json\/wp\/v2\/users\/1"}],"replies":[{"embeddable":true,"href":"https:\/\/soccer.legia.com\/darts\/wp-json\/wp\/v2\/comments?post=3603"}],"version-history":[{"count":44,"href":"https:\/\/soccer.legia.com\/darts\/wp-json\/wp\/v2\/pages\/3603\/revisions"}],"predecessor-version":[{"id":5838,"href":"https:\/\/soccer.legia.com\/darts\/wp-json\/wp\/v2\/pages\/3603\/revisions\/5838"}],"wp:attachment":[{"href":"https:\/\/soccer.legia.com\/darts\/wp-json\/wp\/v2\/media?parent=3603"}],"curies":[{"name":"wp","href":"https:\/\/api.w.org\/{rel}","templated":true}]}}